{"id":188,"date":"2023-04-27T20:05:48","date_gmt":"2023-04-27T18:05:48","guid":{"rendered":"https:\/\/gemsploen.de\/v2\/?page_id=188"},"modified":"2023-08-09T21:01:49","modified_gmt":"2023-08-09T19:01:49","slug":"unser-foerderverein","status":"publish","type":"page","link":"https:\/\/gemsploen.de\/v2\/unsere-schule\/unser-foerderverein\/","title":{"rendered":"Der F\u00f6rderverein"},"content":{"rendered":"\n<p>&#8230;erm\u00f6glicht es, besondere Veranstaltungen durchzuf\u00fchren, unterst\u00fctzt Klassenfahrten oder beschafft Ger\u00e4te, die nicht aus dem normalen Etat zu bezahlen sind &#8211; er ist also wirklich wichtig f\u00fcr unser Schulleben und verdient somit Unterst\u00fctzung .<\/p>\n\n\n\n<p>Die Kontonummer des Vereins finden Sie demn\u00e4chst hier.<\/p>\n\n\n\n<p>Frau Kemmler-Reder ist unsere Ansprechpartnerin f\u00fcr den Verein. Sie erreichen sie \u00fcber das <a href=\"https:\/\/gemsploen.de\/v2\/unsere-schule\/die-menschen\/ansprechpartnerinnen-im-sekretariat\/\" data-type=\"page\" data-id=\"203\">B\u00fcro<\/a>.<\/p>\n\n\n\n<p><\/p>\n\n\n<div class=\"wp-block-image\">\n<figure class=\"alignright\"><a href=\"https:\/\/gemsploen.de\/v2\/unsere-schule\/\"><img loading=\"lazy\" decoding=\"async\" src=\"https:\/\/gemsploen.de\/v2\/wp-content\/uploads\/2023\/08\/amS-logo-gemeinsam_weiter-s.jpg\" alt=\"Gemeinsam weiter.\" class=\"wp-image-248\" style=\"width:225px;height:64px\" width=\"225\" height=\"64\"\/><\/a><\/figure>\n<\/div>","protected":false},"excerpt":{"rendered":"<p>&#8230;erm\u00f6glicht es, besondere Veranstaltungen durchzuf\u00fchren, unterst\u00fctzt Klassenfahrten oder beschafft Ger\u00e4te, die nicht aus dem normalen Etat zu bezahlen sind &#8211; er ist also wirklich wichtig f\u00fcr unser Schulleben und verdient somit Unterst\u00fctzung . Die Kontonummer des Vereins finden Sie demn\u00e4chst &hellip;<\/p>\n<p class=\"read-more\"> <a class=\"more-link\" href=\"https:\/\/gemsploen.de\/v2\/unsere-schule\/unser-foerderverein\/\"> <span class=\"screen-reader-text\">Der F\u00f6rderverein<\/span> Read More &raquo;<\/a><\/p>\n","protected":false},"author":1,"featured_media":0,"parent":24,"menu_order":0,"comment_status":"closed","ping_status":"closed","template":"","meta":{"footnotes":""},"class_list":["post-188","page","type-page","status-publish","hentry"],"_links":{"self":[{"href":"https:\/\/gemsploen.de\/v2\/wp-json\/wp\/v2\/pages\/188","targetHints":{"allow":["GET"]}}],"collection":[{"href":"https:\/\/gemsploen.de\/v2\/wp-json\/wp\/v2\/pages"}],"about":[{"href":"https:\/\/gemsploen.de\/v2\/wp-json\/wp\/v2\/types\/page"}],"author":[{"embeddable":true,"href":"https:\/\/gemsploen.de\/v2\/wp-json\/wp\/v2\/users\/1"}],"replies":[{"embeddable":true,"href":"https:\/\/gemsploen.de\/v2\/wp-json\/wp\/v2\/comments?post=188"}],"version-history":[{"count":3,"href":"https:\/\/gemsploen.de\/v2\/wp-json\/wp\/v2\/pages\/188\/revisions"}],"predecessor-version":[{"id":641,"href":"https:\/\/gemsploen.de\/v2\/wp-json\/wp\/v2\/pages\/188\/revisions\/641"}],"up":[{"embeddable":true,"href":"https:\/\/gemsploen.de\/v2\/wp-json\/wp\/v2\/pages\/24"}],"wp:attachment":[{"href":"https:\/\/gemsploen.de\/v2\/wp-json\/wp\/v2\/media?parent=188"}],"curies":[{"name":"wp","href":"https:\/\/api.w.org\/{rel}","templated":true}]}}