{"id":197,"date":"2023-04-29T11:11:49","date_gmt":"2023-04-29T09:11:49","guid":{"rendered":"https:\/\/gemsploen.de\/v2\/?page_id=197"},"modified":"2024-03-11T10:51:39","modified_gmt":"2024-03-11T09:51:39","slug":"zu-uns","status":"publish","type":"page","link":"https:\/\/gemsploen.de\/v2\/zu-uns\/","title":{"rendered":"Zu uns?"},"content":{"rendered":"\n<p><strong>\u201eO wie gut erginge es manchen Menschen, wenn sie einmal aus ihrem Geleise herausk\u00e4men.\u201c<\/strong><br>(Seneca)<img loading=\"lazy\" decoding=\"async\" width=\"128\" height=\"140\" class=\"wp-image-769\" style=\"width: 128px;\" src=\"https:\/\/gemsploen.de\/v2\/wp-content\/uploads\/2023\/08\/amS_hier_oder_dort.png\" alt=\"\" align=\"right\" srcset=\"https:\/\/gemsploen.de\/v2\/wp-content\/uploads\/2023\/08\/amS_hier_oder_dort.png 128w, https:\/\/gemsploen.de\/v2\/wp-content\/uploads\/2023\/08\/amS_hier_oder_dort-100x109.png 100w\" sizes=\"auto, (max-width: 128px) 100vw, 128px\" \/><\/p>\n\n\n\n<p>Nicht immer hat der alte Seneca Recht. Die erste Frage ist: \u201a<strong>Warum<\/strong>?\u2018<\/p>\n\n\n\n<p>Geht es um einen <strong>Praktikumsplatz oder einen Vertrag bei uns<\/strong> &#8211; nur zu \ud83d\ude09 Bitte bei der Schulleitung melden. <strong>Wir freuen uns \u00fcber Bewerbungen und kl\u00e4ren gern alles in einem Gespr\u00e4ch.<\/strong><\/p>\n\n\n\n<p>Geht es um den <strong>Schulwechsel eines Kindes\/Jugendlichen<\/strong>, kommt unmittelbar die zweite Frage: \u201a<strong>Was kann es wirklich bringen?<\/strong>\u2018<\/p>\n\n\n\n<p>Gar keine Frage gibt es eigentlich, wenn ein <strong>Umzug in unseren Einzugsbereich<\/strong> ansteht \u2013 dann <strong>sind wir, die <a href=\"https:\/\/gemsploen.de\/v2\/unsere-schule\/\" data-type=\"page\" data-id=\"24\">Schule am Schiffsthal<\/a>, einfach DIE Schule.<\/strong><\/p>\n\n\n\n<p>Aber was ist mit <strong>anderen Gr\u00fcnden<\/strong>, wenn es jemanden zu uns zieht oder vielleicht eher von der bisherigen Schule \u2019schiebt\u2018?<br>Ein Wechsel will dann sehr \u00fcberlegt sein. <\/p>\n\n\n\n<p>Probleme mit Lehrkr\u00e4ften? \u2013 Kann es bei uns auch geben. <img loading=\"lazy\" decoding=\"async\" width=\"50\" height=\"46\" class=\"wp-image-300\" style=\"width: 50px;\" src=\"https:\/\/gemsploen.de\/v2\/wp-content\/uploads\/2023\/04\/wp_clipart-smiley_with_glasses_small.png\" alt=\"\u00dcberlegen\" align=\"right\" srcset=\"https:\/\/gemsploen.de\/v2\/wp-content\/uploads\/2023\/04\/wp_clipart-smiley_with_glasses_small.png 218w, https:\/\/gemsploen.de\/v2\/wp-content\/uploads\/2023\/04\/wp_clipart-smiley_with_glasses_small-100x91.png 100w, https:\/\/gemsploen.de\/v2\/wp-content\/uploads\/2023\/04\/wp_clipart-smiley_with_glasses_small-150x137.png 150w, https:\/\/gemsploen.de\/v2\/wp-content\/uploads\/2023\/04\/wp_clipart-smiley_with_glasses_small-200x183.png 200w\" sizes=\"auto, (max-width: 50px) 100vw, 50px\" \/><br>Schwierigkeiten mit Klassenkameraden\/-innen? Sind bei uns nicht ausgeschlossen. <br>Keine Motivation? \u2026<\/p>\n\n\n\n<p>Grunds\u00e4tzlich sollte so ein <strong>Wechsel nur zum Schuljahresbeginn<\/strong> stattfinden, aber es gibt <strong>begr\u00fcndete Ausnahmef\u00e4lle<\/strong>.<br>\nIn den meisten F\u00e4llen ist es gut, wenn Sie sich vorher mit der aktuellen Schule beraten haben. Au\u00dferdem ist es wichtig zu bedenken, dass evtl. der Schulweg deutlich mehr Zeit in Anspruch nimmt und erheblich fr\u00fcher aufgestanden werden muss usw.<\/p>\n\n\n\n<p>Aber: <strong>Wir beraten Sie gern v\u00f6llig ergebnisoffen, wenn Sie mit dem Gedanken spielen, dass Ihr Kind die Schule wechseln sollte.<\/strong> Rufen Sie im <a href=\"https:\/\/gemsploen.de\/v2\/anmeldung\/\" data-type=\"page\" data-id=\"119\">Sekretariat <\/a>unter 0 45 22 &#8211; 29 68 an oder melden sich per <a href=\"mailto:\/\/gemeinschaftsschule.ploen@schule.landsh.de\" data-type=\"mailto\" data-id=\"mailto:\/\/gemeinschaftsschule.ploen@sch\">Email<\/a>. Die zust\u00e4ndigen Ansprechpartner:innen werden sich dann bei Ihnen melden und <strong>in der Regel mit Ihnen und Ihrem Kind einen Gespr\u00e4chstermin<\/strong> vereinbaren.<\/p>\n\n\n\n<p><strong>Wir nehmen uns Zeit, um f\u00fcr Ihr Kind die optimale L\u00f6sung zu finden.<\/strong><\/p>\n\n\n<div class=\"wp-block-image\">\n<figure class=\"alignright\"><a href=\"https:\/\/gemsploen.de\/v2\/\"><img loading=\"lazy\" decoding=\"async\" src=\"https:\/\/gemsploen.de\/v2\/wp-content\/uploads\/2023\/08\/amS-logo-gemeinsam_weiter-s.jpg\" alt=\"Gemeinsam weiter.\" class=\"wp-image-248\" style=\"width:168px;height:48px\" width=\"168\" height=\"48\"\/><\/a><\/figure>\n<\/div>","protected":false},"excerpt":{"rendered":"<p>\u201eO wie gut erginge es manchen Menschen, wenn sie einmal aus ihrem Geleise herausk\u00e4men.\u201c(Seneca) Nicht immer hat der alte Seneca Recht. Die erste Frage ist: \u201aWarum?\u2018 Geht es um einen Praktikumsplatz oder einen Vertrag bei uns &#8211; nur zu \ud83d\ude09 &hellip;<\/p>\n<p class=\"read-more\"> <a class=\"more-link\" href=\"https:\/\/gemsploen.de\/v2\/zu-uns\/\"> <span class=\"screen-reader-text\">Zu uns?<\/span> Read More &raquo;<\/a><\/p>\n","protected":false},"author":7,"featured_media":0,"parent":0,"menu_order":0,"comment_status":"closed","ping_status":"closed","template":"","meta":{"footnotes":""},"class_list":["post-197","page","type-page","status-publish","hentry"],"_links":{"self":[{"href":"https:\/\/gemsploen.de\/v2\/wp-json\/wp\/v2\/pages\/197","targetHints":{"allow":["GET"]}}],"collection":[{"href":"https:\/\/gemsploen.de\/v2\/wp-json\/wp\/v2\/pages"}],"about":[{"href":"https:\/\/gemsploen.de\/v2\/wp-json\/wp\/v2\/types\/page"}],"author":[{"embeddable":true,"href":"https:\/\/gemsploen.de\/v2\/wp-json\/wp\/v2\/users\/7"}],"replies":[{"embeddable":true,"href":"https:\/\/gemsploen.de\/v2\/wp-json\/wp\/v2\/comments?post=197"}],"version-history":[{"count":17,"href":"https:\/\/gemsploen.de\/v2\/wp-json\/wp\/v2\/pages\/197\/revisions"}],"predecessor-version":[{"id":1353,"href":"https:\/\/gemsploen.de\/v2\/wp-json\/wp\/v2\/pages\/197\/revisions\/1353"}],"wp:attachment":[{"href":"https:\/\/gemsploen.de\/v2\/wp-json\/wp\/v2\/media?parent=197"}],"curies":[{"name":"wp","href":"https:\/\/api.w.org\/{rel}","templated":true}]}}