{"id":208,"date":"2023-04-29T11:31:24","date_gmt":"2023-04-29T09:31:24","guid":{"rendered":"https:\/\/gemsploen.de\/v2\/?page_id=208"},"modified":"2024-01-10T20:58:22","modified_gmt":"2024-01-10T19:58:22","slug":"das-schulgelaende","status":"publish","type":"page","link":"https:\/\/gemsploen.de\/v2\/unsere-schule\/das-schulgelaende\/","title":{"rendered":"Das Schulgel\u00e4nde"},"content":{"rendered":"\n<figure class=\"wp-block-image size-full\"><img loading=\"lazy\" decoding=\"async\" width=\"931\" height=\"237\" src=\"https:\/\/gemsploen.de\/v2\/wp-content\/uploads\/2024\/01\/temp-2.png\" alt=\"\" class=\"wp-image-1190\" srcset=\"https:\/\/gemsploen.de\/v2\/wp-content\/uploads\/2024\/01\/temp-2.png 931w, https:\/\/gemsploen.de\/v2\/wp-content\/uploads\/2024\/01\/temp-2-300x76.png 300w, https:\/\/gemsploen.de\/v2\/wp-content\/uploads\/2024\/01\/temp-2-768x196.png 768w, https:\/\/gemsploen.de\/v2\/wp-content\/uploads\/2024\/01\/temp-2-100x25.png 100w, https:\/\/gemsploen.de\/v2\/wp-content\/uploads\/2024\/01\/temp-2-150x38.png 150w, https:\/\/gemsploen.de\/v2\/wp-content\/uploads\/2024\/01\/temp-2-200x51.png 200w, https:\/\/gemsploen.de\/v2\/wp-content\/uploads\/2024\/01\/temp-2-450x115.png 450w, https:\/\/gemsploen.de\/v2\/wp-content\/uploads\/2024\/01\/temp-2-600x153.png 600w, https:\/\/gemsploen.de\/v2\/wp-content\/uploads\/2024\/01\/temp-2-900x229.png 900w\" sizes=\"auto, (max-width: 931px) 100vw, 931px\" \/><\/figure>\n\n\n\n<p>Unser Schulgel\u00e4nde umfasst die Geb\u00e4ude Oase (7-10, Verwaltung, Fachr\u00e4ume), Orient (5-6, Fachr\u00e4ume, Schulsozialarbeit, Koordinator 5\/6) und auf der anderen Seite des Parkplatzes die Aula sowie die Bl\u00fchwiese bzw. Bienenweide, den gro\u00dfen Schulhof mit Spielschiff, den Hof des Orient mit Verkehrs\u00fcbungsfl\u00e4che, ein Beachvolleyball-Feld, den Sportplatz und einige Freifl\u00e4chen.<br>Durch die Lage dicht am Trammer See k\u00f6nnen wir unsere Kanus einfach nutzen.<\/p>\n\n\n<div class=\"wp-block-image\">\n<figure class=\"aligncenter size-full\"><img loading=\"lazy\" decoding=\"async\" width=\"808\" height=\"250\" src=\"https:\/\/gemsploen.de\/v2\/wp-content\/uploads\/2024\/01\/temp-3.png\" alt=\"\" class=\"wp-image-1191\" srcset=\"https:\/\/gemsploen.de\/v2\/wp-content\/uploads\/2024\/01\/temp-3.png 808w, https:\/\/gemsploen.de\/v2\/wp-content\/uploads\/2024\/01\/temp-3-300x93.png 300w, https:\/\/gemsploen.de\/v2\/wp-content\/uploads\/2024\/01\/temp-3-768x238.png 768w, https:\/\/gemsploen.de\/v2\/wp-content\/uploads\/2024\/01\/temp-3-100x31.png 100w, https:\/\/gemsploen.de\/v2\/wp-content\/uploads\/2024\/01\/temp-3-150x46.png 150w, https:\/\/gemsploen.de\/v2\/wp-content\/uploads\/2024\/01\/temp-3-200x62.png 200w, https:\/\/gemsploen.de\/v2\/wp-content\/uploads\/2024\/01\/temp-3-450x139.png 450w, https:\/\/gemsploen.de\/v2\/wp-content\/uploads\/2024\/01\/temp-3-600x186.png 600w\" sizes=\"auto, (max-width: 808px) 100vw, 808px\" \/><\/figure>\n<\/div>\n\n<div class=\"wp-block-image\">\n<figure class=\"aligncenter size-full\"><img loading=\"lazy\" decoding=\"async\" width=\"461\" height=\"178\" src=\"https:\/\/gemsploen.de\/v2\/wp-content\/uploads\/2024\/01\/temp-4.png\" alt=\"\" class=\"wp-image-1192\" srcset=\"https:\/\/gemsploen.de\/v2\/wp-content\/uploads\/2024\/01\/temp-4.png 461w, https:\/\/gemsploen.de\/v2\/wp-content\/uploads\/2024\/01\/temp-4-300x116.png 300w, https:\/\/gemsploen.de\/v2\/wp-content\/uploads\/2024\/01\/temp-4-100x39.png 100w, https:\/\/gemsploen.de\/v2\/wp-content\/uploads\/2024\/01\/temp-4-150x58.png 150w, https:\/\/gemsploen.de\/v2\/wp-content\/uploads\/2024\/01\/temp-4-200x77.png 200w, https:\/\/gemsploen.de\/v2\/wp-content\/uploads\/2024\/01\/temp-4-450x174.png 450w\" sizes=\"auto, (max-width: 461px) 100vw, 461px\" \/><\/figure>\n<\/div>\n\n<div class=\"wp-block-image\">\n<figure class=\"aligncenter size-full\"><img loading=\"lazy\" decoding=\"async\" width=\"298\" height=\"438\" src=\"https:\/\/gemsploen.de\/v2\/wp-content\/uploads\/2024\/01\/temp-5.png\" alt=\"\" class=\"wp-image-1193\" srcset=\"https:\/\/gemsploen.de\/v2\/wp-content\/uploads\/2024\/01\/temp-5.png 298w, https:\/\/gemsploen.de\/v2\/wp-content\/uploads\/2024\/01\/temp-5-204x300.png 204w, https:\/\/gemsploen.de\/v2\/wp-content\/uploads\/2024\/01\/temp-5-100x147.png 100w, https:\/\/gemsploen.de\/v2\/wp-content\/uploads\/2024\/01\/temp-5-150x220.png 150w, https:\/\/gemsploen.de\/v2\/wp-content\/uploads\/2024\/01\/temp-5-200x294.png 200w\" sizes=\"auto, (max-width: 298px) 100vw, 298px\" \/><\/figure>\n<\/div>\n\n\n<p class=\"has-text-align-center\">Vor dem Hauptgeb\u00e4ude findet man auch die &#8220;Huckepack&#8221;-Plastik von Fritz During. <br>Sie steht inzwischen auch f\u00fcr unser Motto &#8220;Gemeinsam weiter.&#8221;<\/p>\n\n\n<p><!-- \/wp:post-content --><\/p>\n<p><!-- wp:image {\"align\":\"right\",\"id\":248,\"width\":225,\"height\":64,\"sizeSlug\":\"full\",\"linkDestination\":\"\"} --><\/p>\n<figure class=\"wp-block-image alignright\"><a href=\"https:\/\/gemsploen.de\/v2\/unsere-schule\/\"><img loading=\"lazy\" decoding=\"async\" class=\"wp-image-248\" style=\"width: 225px; height: 64px;\" src=\"https:\/\/gemsploen.de\/v2\/wp-content\/uploads\/2023\/08\/amS-logo-gemeinsam_weiter-s.jpg\" alt=\"Gemeinsam weiter.\" width=\"225\" height=\"64\" \/><\/a><\/figure>\n<p><!-- \/wp:image --><\/p>\n<p><!-- wp:paragraph --><\/p>","protected":false},"excerpt":{"rendered":"<p>Unser Schulgel\u00e4nde umfasst die Geb\u00e4ude Oase (7-10, Verwaltung, Fachr\u00e4ume), Orient (5-6, Fachr\u00e4ume, Schulsozialarbeit, Koordinator 5\/6) und auf der anderen Seite des Parkplatzes die Aula sowie die Bl\u00fchwiese bzw. Bienenweide, den gro\u00dfen Schulhof mit Spielschiff, den Hof des Orient mit Verkehrs\u00fcbungsfl\u00e4che, &hellip;<\/p>\n<p class=\"read-more\"> <a class=\"more-link\" href=\"https:\/\/gemsploen.de\/v2\/unsere-schule\/das-schulgelaende\/\"> <span class=\"screen-reader-text\">Das Schulgel\u00e4nde<\/span> Read More &raquo;<\/a><\/p>\n","protected":false},"author":7,"featured_media":0,"parent":24,"menu_order":0,"comment_status":"closed","ping_status":"closed","template":"","meta":{"footnotes":""},"class_list":["post-208","page","type-page","status-publish","hentry"],"_links":{"self":[{"href":"https:\/\/gemsploen.de\/v2\/wp-json\/wp\/v2\/pages\/208","targetHints":{"allow":["GET"]}}],"collection":[{"href":"https:\/\/gemsploen.de\/v2\/wp-json\/wp\/v2\/pages"}],"about":[{"href":"https:\/\/gemsploen.de\/v2\/wp-json\/wp\/v2\/types\/page"}],"author":[{"embeddable":true,"href":"https:\/\/gemsploen.de\/v2\/wp-json\/wp\/v2\/users\/7"}],"replies":[{"embeddable":true,"href":"https:\/\/gemsploen.de\/v2\/wp-json\/wp\/v2\/comments?post=208"}],"version-history":[{"count":2,"href":"https:\/\/gemsploen.de\/v2\/wp-json\/wp\/v2\/pages\/208\/revisions"}],"predecessor-version":[{"id":1194,"href":"https:\/\/gemsploen.de\/v2\/wp-json\/wp\/v2\/pages\/208\/revisions\/1194"}],"up":[{"embeddable":true,"href":"https:\/\/gemsploen.de\/v2\/wp-json\/wp\/v2\/pages\/24"}],"wp:attachment":[{"href":"https:\/\/gemsploen.de\/v2\/wp-json\/wp\/v2\/media?parent=208"}],"curies":[{"name":"wp","href":"https:\/\/api.w.org\/{rel}","templated":true}]}}