{"id":480,"date":"2023-06-06T20:20:12","date_gmt":"2023-06-06T18:20:12","guid":{"rendered":"https:\/\/gemsploen.de\/v2\/?page_id=480"},"modified":"2025-07-24T10:47:24","modified_gmt":"2025-07-24T08:47:24","slug":"hilfe","status":"publish","type":"page","link":"https:\/\/gemsploen.de\/v2\/hilfe\/","title":{"rendered":"Ich brauche Hilfe&#8230;"},"content":{"rendered":"\n<p><img loading=\"lazy\" decoding=\"async\" width=\"100\" height=\"100\" class=\"wp-image-670\" style=\"width: 100px;\" src=\"https:\/\/gemsploen.de\/v2\/wp-content\/uploads\/2023\/08\/help_white_T.png\" alt=\"Rettungsring, Gespr\u00e4ch, Schutz...\" align=\"left\">Wir sind sicher keine Problem-lose Schule. eher eine Problem-l\u00f6se Schule.<br>Wir sind ansprechbar und geben Hilfen.<br>Wir vermitteln Hilfe durch andere, vielleicht kompetentere Stellen.<br><strong><em>Es gibt Hilfe.<br><\/em><\/strong><\/p>\n\n\n\n<p><strong>Auch au\u00dferhalb von Schule &#8211; Du bist nicht alleine damit!<\/strong><\/p>\n\n\n\n<p>Die Nummer gegen Kummer ist eine Stelle, an die Du Dich telefonisch oder per Chat kostenlos und anonym (ohne Namen) wenden kannst, wenn Du reden willst.<br>Online findest Du die Angebote hier: <a href=\"https:\/\/www.nummergegenkummer.de\/\">https:\/\/www.nummergegenkummer.de\/<\/a><\/p>\n\n\n\n<p>Vielleicht versuchst Du manchmal auch \u00fcber wilde Feiereien Ablenkung zu finden. Oder man hat wirklich Grund zu feiern, \u00fcbertreibt es aber eventuell \u00f6fter mal mit Alkohol oder auch anderen Drogen. Wenn Du Dich zum Thema Sucht informieren willst oder Hilfe f\u00fcr Dich selbst oder Freunde brauchst, kannst Du Dich beim ATS Suchtzentrum in Preetz melden. <br>Auch hier kannst Du Dich z.B. per Chat informieren und die Angebote sind anonym und kostenlos.<\/p>\n\n\n\n<p>Hier findest Du alle n\u00f6tigen Infos: <a href=\"https:\/\/suchtberatung.preetz.landesverein.de\">https:\/\/suchtberatung.preetz.landesverein.de<\/a><\/p>\n\n\n\n<p><strong>An wen kann ich mich in der Schule wenden?<\/strong><\/p>\n\n\n\n<p>Auf jeden Fall unmittelbar an die n\u00e4chste <strong>Lehrkraft , <\/strong>ein <strong>Schulleitungsmitglied<\/strong>, das <strong>Sekretariat <\/strong>oder die <strong><a href=\"https:\/\/gemsploen.de\/v2\/unsere-schule\/die-menschen\/schulsozialarbeit\/\" data-type=\"page\" data-id=\"206\">Schulsozialarbeiterinnen<\/a><\/strong>! <br>Au\u00dferdem stehen <strong>Streitschlichter <\/strong>und <strong>Streitschlichterinnen <\/strong>und der <strong>Schulsanit\u00e4tsdienst <\/strong>f\u00fcr besondere F\u00e4lle bereit.<\/p>\n\n\n\n<p>Wenn jemand Hilfe m\u00f6chte, sie aber nicht sofort braucht, sollte die Person sich zuerst an die <strong>Klassenlehrkraft <\/strong>wenden &#8211; die wei\u00df weiter! Nat\u00fcrlich stehen auch <strong>Frau Lambert (Mobbing, Absentismus)<\/strong> oder Herr Kuberski (5\/6), Frau Nissen (7\/8), Herr Hinrichsen (9\/10), Frau Maschmann (Stellvertreterin) und Herr John (Schulleiter) zur Verf\u00fcgung. Die vermitteln gegebenenfalls.<\/p>\n\n\n\n<p>In vielen F\u00e4llen hilf auch der <a href=\"https:\/\/gemsploen.de\/v2\/asd-allgemeiner-sozialer-dienst\/\" data-type=\"page\" data-id=\"601\"><strong>ASD<\/strong>, der Allgemeine Soziale Dienst<\/a> des Kreises, bei l\u00e4nger anhaltenden Problemen.<br>Hier kann man sich beraten lassen. Oft gibt es auch <strong>Anspruch <\/strong>auf Hilfeleistungen. &#8211; Ja, es ist eine Beh\u00f6rde, aber auf jeden Fall haben wir<strong> gute Erfahrungen und viele Kinder oder Eltern mit guten Erfahrungen hinsichtlich der Hilfe des ASD!<\/strong><\/p>\n\n\n\n<p>Menschliche, professionelle Hilfe gibt es aber auch unter anderem in den <strong>Beratungsstellen der Diakonie. Frau Langbehn und Herr Osthoff <\/strong>sind bei allen Problemen ansprechbar und waren schon vielen eine gro\u00dfe Hilfe. &#8211; Unter der Telefonnummer 04381 6667 kann man sie oder das Sekretariat erreichen, um dann in  Pl\u00f6n oder L\u00fctjenburg ein erstes Gespr\u00e4ch zu f\u00fchren. F\u00fcr Preetz und Wankendorf ist die entsprechende Nummer 04342 717-34.<br>Weitere Informationen zur Beratung gibt es auf der <a href=\"https:\/\/www.diakonie-ps.de\/erziehungs-lebensberatung\/\"><img loading=\"lazy\" decoding=\"async\" width=\"10\" height=\"15\" class=\"wp-image-643\" style=\"width: 10px;\" src=\"https:\/\/gemsploen.de\/v2\/wp-content\/uploads\/2023\/08\/amS_extern.jpg\" alt=\"Externer 'Link\"> Seite der Diakonie<\/a>. <br><br>Wenn Sie m\u00f6chten oder wenn Du m\u00f6chtest, k\u00f6nnen wir auch helfen den Kontakt herzustellen.<br><\/p>\n\n\n\n<p><strong>Wie denn?<\/strong><\/p>\n\n\n\n<p>Klassenlehrkr\u00e4fte, Schulleitung (Herrn Hinrichsen, Herrn John, Herrn Kuberski, Frau Maschmann, Frau Nissen), Frau Lambert oder andere ansprechen oder anmailen (-&gt; IServ), \u00fcber das Sekretariat, \u00fcber die Schulsozialarbeit (Hauptb\u00fcro im Orient), \u00fcber die Eltern&#8230;<br><\/p>\n\n\n\n<p><strong>Wann muss ich mich melden?<\/strong><\/p>\n\n\n\n<p>Sobald Du Hilfe brauchst oder Hilfe annehmen kannst bzw. sobald Sie Hilfe brauchen oder annehmen k\u00f6nnen. <br>In der Regel gilt aber: Je schneller man von einer Notlage wei\u00df, je schneller man wei\u00df, dass jemand Hilfe braucht, desto besser.<br><\/p>\n\n\n\n<p><strong>Kann ich auch f\u00fcr andere Hilfe holen?<\/strong><\/p>\n\n\n\n<p>Klar. Sobald man erf\u00e4hrt, dass jemand anderes in Bedr\u00e4ngnis ist, kann man sich an eine der oben aufgef\u00fchrten Personen wenden. Die werden alles N\u00f6tige bzw. alles M\u00f6gliche tun.<\/p>\n\n\n\n<p><strong>Gibt es auch Hilfe au\u00dferhalb der Schule?<\/strong><\/p>\n\n\n\n<p>Ja und auch da vermitteln wir gerne.<\/p>\n\n\n\n<p>Hier werden wir demn\u00e4chst auch Adressen, Mailadressen oder Telefonnummern von helfenden Organsisationen ver\u00f6ffentlichen.<\/p>\n\n\n<div class=\"wp-block-image\">\n<figure class=\"alignright\"><a href=\"https:\/\/gemsploen.de\"><img loading=\"lazy\" decoding=\"async\" src=\"https:\/\/gemsploen.de\/v2\/wp-content\/uploads\/2023\/08\/amS-logo-gemeinsam_weiter-s.jpg\" alt=\"Gemeinsam weiter.\" class=\"wp-image-248\" style=\"width:225px;height:64px\" width=\"225\" height=\"64\"\/><\/a><\/figure>\n<\/div>","protected":false},"excerpt":{"rendered":"<p>Wir sind sicher keine Problem-lose Schule. eher eine Problem-l\u00f6se Schule.Wir sind ansprechbar und geben Hilfen.Wir vermitteln Hilfe durch andere, vielleicht kompetentere Stellen.Es gibt Hilfe. Auch au\u00dferhalb von Schule &#8211; Du bist nicht alleine damit! Die Nummer gegen Kummer ist eine &hellip;<\/p>\n<p class=\"read-more\"> <a class=\"more-link\" href=\"https:\/\/gemsploen.de\/v2\/hilfe\/\"> <span class=\"screen-reader-text\">Ich brauche Hilfe&#8230;<\/span> Read More &raquo;<\/a><\/p>\n","protected":false},"author":7,"featured_media":0,"parent":0,"menu_order":0,"comment_status":"closed","ping_status":"closed","template":"","meta":{"footnotes":""},"class_list":["post-480","page","type-page","status-publish","hentry"],"_links":{"self":[{"href":"https:\/\/gemsploen.de\/v2\/wp-json\/wp\/v2\/pages\/480","targetHints":{"allow":["GET"]}}],"collection":[{"href":"https:\/\/gemsploen.de\/v2\/wp-json\/wp\/v2\/pages"}],"about":[{"href":"https:\/\/gemsploen.de\/v2\/wp-json\/wp\/v2\/types\/page"}],"author":[{"embeddable":true,"href":"https:\/\/gemsploen.de\/v2\/wp-json\/wp\/v2\/users\/7"}],"replies":[{"embeddable":true,"href":"https:\/\/gemsploen.de\/v2\/wp-json\/wp\/v2\/comments?post=480"}],"version-history":[{"count":19,"href":"https:\/\/gemsploen.de\/v2\/wp-json\/wp\/v2\/pages\/480\/revisions"}],"predecessor-version":[{"id":2033,"href":"https:\/\/gemsploen.de\/v2\/wp-json\/wp\/v2\/pages\/480\/revisions\/2033"}],"wp:attachment":[{"href":"https:\/\/gemsploen.de\/v2\/wp-json\/wp\/v2\/media?parent=480"}],"curies":[{"name":"wp","href":"https:\/\/api.w.org\/{rel}","templated":true}]}}